{"id":3008,"date":"2021-06-13T18:58:22","date_gmt":"2021-06-13T18:58:22","guid":{"rendered":"http:\/\/test.srtrier.de\/?page_id=3008"},"modified":"2026-04-28T19:09:42","modified_gmt":"2026-04-28T17:09:42","slug":"impressum","status":"publish","type":"page","link":"https:\/\/srtrier.de\/?page_id=3008","title":{"rendered":"Impressum"},"content":{"rendered":"<div class=\"fusion-fullwidth fullwidth-box fusion-builder-row-1 fusion-flex-container nonhundred-percent-fullwidth non-hundred-percent-height-scrolling\" style=\"--awb-border-radius-top-left:0px;--awb-border-radius-top-right:0px;--awb-border-radius-bottom-right:0px;--awb-border-radius-bottom-left:0px;--awb-flex-wrap:wrap;\" ><div class=\"fusion-builder-row fusion-row fusion-flex-align-items-flex-start fusion-flex-content-wrap\" style=\"max-width:1372.8px;margin-left: calc(-4% \/ 2 );margin-right: calc(-4% \/ 2 );\"><div class=\"fusion-layout-column fusion_builder_column fusion-builder-column-0 fusion_builder_column_1_1 1_1 fusion-flex-column\" style=\"--awb-bg-size:cover;--awb-width-large:100%;--awb-margin-top-large:20px;--awb-spacing-right-large:1.92%;--awb-margin-bottom-large:20px;--awb-spacing-left-large:1.92%;--awb-width-medium:100%;--awb-order-medium:0;--awb-spacing-right-medium:1.92%;--awb-spacing-left-medium:1.92%;--awb-width-small:100%;--awb-order-small:0;--awb-spacing-right-small:1.92%;--awb-spacing-left-small:1.92%;\"><div class=\"fusion-column-wrapper fusion-column-has-shadow fusion-flex-justify-content-flex-start fusion-content-layout-column\"><div class=\"notranslate\">\n<b>Angaben gem\u00e4\u00df \u00a7 5 DDG<\/b><br><br><p><br>\nStudentische Rechtsberatung Trier e. V.<br>\nUniversit\u00e4tsring 15<br>\nDM6<br>\n54296 Trier\n<p> <strong>Vertreten durch: <\/strong><br>\nMoritz Ewertz<br>\n\n<\/p><br><p><strong>Verantwortlich f\u00fcr den Inhalt nach \u00a7 18 Abs. 2 MStV:<\/strong><br>\nStudentische Rechtsberatung Trier e. V.<br> \nUniversit\u00e4tsring 15<br>\nDM6<br>\n54296 Trier <br><\/p><br><p><strong>Kontakt:<\/strong> <br>\nE-Mail: <span id=\"eeb-734576-98529\"><\/span><script type=\"text\/javascript\">(function(){var ml=\"c-A4Cls0rE%hF3ent2imfkdo.Da\",mi=\":=4J:A7;8>D:=I:AACJB5@G:=2B?DG:3768@8B>8HF>:AA:A705J66:=I:AACJB515B?E:AA:=9B?DG:3768@8B>8HF>:=4:A<J:=9\",o=\"\";for(var j=0,l=mi.length;j<l;j++){o+=ml.charAt(mi.charCodeAt(j)-48);}document.getElementById(\"eeb-734576-98529\").innerHTML = decodeURIComponent(o);}());<\/script><noscript>*protected email*<\/noscript><\/br><\/p>\n<p><strong>Telefon:<\/strong><br>\n0651 60344426 <br>\n<br><\/p>\n  <p><strong>Vereinsregister:<\/strong> <br>\n\t VR 41742<br>\n  Amtsgericht Wittlich\n<\/br><\/p>\n\n<p><strong>Haftungsausschluss: <\/strong><br><br><strong>Haftung f\u00fcr Inhalte<\/strong><br><br>\nDie Inhalte unserer Seiten wurden mit gr\u00f6\u00dfter Sorgfalt erstellt. F\u00fcr die Richtigkeit, Vollst\u00e4ndigkeit und Aktualit\u00e4t der Inhalte k\u00f6nnen wir jedoch keine Gew\u00e4hr \u00fcbernehmen.F\u00fcr die Inhalte der verlinkten Seiten ist stets der jeweilige Anbieter oder Betreiber der Seiten verantwortlich. Die verlinkten Seiten wurden zum Zeitpunkt der Verlinkung auf m\u00f6gliche Rechtsverst\u00f6\u00dfe \u00fcberpr\u00fcft. Rechtswidrige Inhalte waren zum Zeitpunkt der Verlinkung nicht erkennbar. Eine permanente inhaltliche Kontrolle der verlinkten Seiten ist jedoch ohne konkrete Anhaltspunkte einer Rechtsverletzung nicht zumutbar. Bei Bekanntwerden von Rechtsverletzungen werden wir derartige Links umgehend entfernen.<br><br><strong>Urheberrecht<\/strong><br><br>\nDie durch die Seitenbetreiber erstellten Inhalte und Werke auf diesen Seiten unterliegen dem deutschen Urheberrecht. Die Vervielf\u00e4ltigung, Bearbeitung, Verbreitung und jede Art der Verwertung au\u00dferhalb der Grenzen des Urheberrechtes bed\u00fcrfen der schriftlichen Zustimmung des jeweiligen Autors bzw. Erstellers. Downloads und Kopien dieser Seite sind nur f\u00fcr den privaten, nicht kommerziellen Gebrauch gestattet. Soweit die Inhalte auf dieser Seite nicht vom Betreiber erstellt wurden, werden die Urheberrechte Dritter beachtet. Insbesondere werden Inhalte Dritter als solche gekennzeichnet. Sollten Sie trotzdem auf eine Urheberrechtsverletzung aufmerksam werden, bitten wir um einen entsprechenden Hinweis. Bei Bekanntwerden von Rechtsverletzungen werden wir derartige Inhalte umgehend entfernen.<br><br><strong>Datenschutz<\/strong><br><br>\nDie Nutzung unserer Webseite ist in der Regel ohne Angabe personenbezogener Daten m\u00f6glich. Soweit auf unseren Seiten personenbezogene Daten (beispielsweise Name, Anschrift oder eMail-Adressen) erhoben werden, erfolgt dies, soweit m\u00f6glich, stets auf freiwilliger Basis. Diese Daten werden ohne Ihre ausdr\u00fcckliche Zustimmung nicht an Dritte weitergegeben. <br>\nWir weisen darauf hin, dass die Daten\u00fcbertragung im Internet (z.B. bei der Kommunikation per E-Mail) Sicherheitsl\u00fccken aufweisen kann. Ein l\u00fcckenloser Schutz der Daten vor dem Zugriff durch Dritte ist nicht m\u00f6glich. <br>\nDer Nutzung von im Rahmen der Impressumspflicht ver\u00f6ffentlichten Kontaktdaten durch Dritte zur \u00dcbersendung von nicht ausdr\u00fccklich angeforderter Werbung und Informationsmaterialien wird hiermit ausdr\u00fccklich widersprochen. Die Betreiber der Seiten behalten sich ausdr\u00fccklich rechtliche Schritte im Falle der unverlangten Zusendung von Werbeinformationen, etwa durch Spam-Mails, vor.<br> Weitere Details entnehmen Sie bitte unserer <a href=\"https:\/\/srtrier.de\/?page_id=3011\" target=\"_blank\">Datenschutzerkl\u00e4rung<\/a>.\n<\/p><br> \nWebsite Impressum erstellt durch <a href=\"https:\/\/www.impressum-generator.de\">impressum-generator.de<\/a> von der <a href=\"https:\/\/www.kanzlei-hasselbach.de\/\" rel=\"nofollow\">Kanzlei Hasselbach<\/a>\n <\/div><\/div>\n <\/div><\/div><\/div><\/div>\n","protected":false},"excerpt":{"rendered":"","protected":false},"author":1,"featured_media":0,"parent":0,"menu_order":0,"comment_status":"open","ping_status":"closed","template":"","meta":{"_bbp_topic_count":0,"_bbp_reply_count":0,"_bbp_total_topic_count":0,"_bbp_total_reply_count":0,"_bbp_voice_count":0,"_bbp_anonymous_reply_count":0,"_bbp_topic_count_hidden":0,"_bbp_reply_count_hidden":0,"_bbp_forum_subforum_count":0,"footnotes":""},"class_list":["post-3008","page","type-page","status-publish","hentry"],"yoast_head":"<!-- This site is optimized with the Yoast SEO plugin v27.0 - https:\/\/yoast.com\/product\/yoast-seo-wordpress\/ -->\n<title>Impressum - Studentische Rechtsberatung Trier<\/title>\n<meta name=\"robots\" content=\"noindex, nofollow\" \/>\n<meta property=\"og:locale\" content=\"de_DE\" \/>\n<meta property=\"og:type\" content=\"article\" \/>\n<meta property=\"og:title\" content=\"Impressum - Studentische Rechtsberatung Trier\" \/>\n<meta property=\"og:url\" content=\"https:\/\/srtrier.de\/?page_id=3008\" \/>\n<meta property=\"og:site_name\" content=\"Studentische Rechtsberatung Trier\" \/>\n<meta property=\"article:modified_time\" content=\"2026-04-28T17:09:42+00:00\" \/>\n<meta name=\"twitter:card\" content=\"summary_large_image\" \/>\n<meta name=\"twitter:label1\" content=\"Gesch\u00e4tzte Lesezeit\" \/>\n\t<meta name=\"twitter:data1\" content=\"1\u00a0Minute\" \/>\n<script type=\"application\/ld+json\" class=\"yoast-schema-graph\">{\"@context\":\"https:\/\/schema.org\",\"@graph\":[{\"@type\":\"WebPage\",\"@id\":\"https:\/\/srtrier.de\/?page_id=3008\",\"url\":\"https:\/\/srtrier.de\/?page_id=3008\",\"name\":\"Impressum - Studentische Rechtsberatung Trier\",\"isPartOf\":{\"@id\":\"https:\/\/srtrier.de\/#website\"},\"datePublished\":\"2021-06-13T18:58:22+00:00\",\"dateModified\":\"2026-04-28T17:09:42+00:00\",\"breadcrumb\":{\"@id\":\"https:\/\/srtrier.de\/?page_id=3008#breadcrumb\"},\"inLanguage\":\"de\",\"potentialAction\":[{\"@type\":\"ReadAction\",\"target\":[\"https:\/\/srtrier.de\/?page_id=3008\"]}]},{\"@type\":\"BreadcrumbList\",\"@id\":\"https:\/\/srtrier.de\/?page_id=3008#breadcrumb\",\"itemListElement\":[{\"@type\":\"ListItem\",\"position\":1,\"name\":\"Startseite\",\"item\":\"https:\/\/srtrier.de\/\"},{\"@type\":\"ListItem\",\"position\":2,\"name\":\"Impressum\"}]},{\"@type\":\"WebSite\",\"@id\":\"https:\/\/srtrier.de\/#website\",\"url\":\"https:\/\/srtrier.de\/\",\"name\":\"Studentische Rechtsberatung Trier\",\"description\":\"\",\"publisher\":{\"@id\":\"https:\/\/srtrier.de\/#organization\"},\"potentialAction\":[{\"@type\":\"SearchAction\",\"target\":{\"@type\":\"EntryPoint\",\"urlTemplate\":\"https:\/\/srtrier.de\/?s={search_term_string}\"},\"query-input\":{\"@type\":\"PropertyValueSpecification\",\"valueRequired\":true,\"valueName\":\"search_term_string\"}}],\"inLanguage\":\"de\"},{\"@type\":\"Organization\",\"@id\":\"https:\/\/srtrier.de\/#organization\",\"name\":\"Studentische Rechtsberatung Trier\",\"url\":\"https:\/\/srtrier.de\/\",\"logo\":{\"@type\":\"ImageObject\",\"inLanguage\":\"de\",\"@id\":\"https:\/\/srtrier.de\/#\/schema\/logo\/image\/\",\"url\":\"https:\/\/srtrier.de\/wp-content\/uploads\/2022\/07\/Logo_Mittelgross-2.png\",\"contentUrl\":\"https:\/\/srtrier.de\/wp-content\/uploads\/2022\/07\/Logo_Mittelgross-2.png\",\"width\":600,\"height\":340,\"caption\":\"Studentische Rechtsberatung Trier\"},\"image\":{\"@id\":\"https:\/\/srtrier.de\/#\/schema\/logo\/image\/\"},\"sameAs\":[\"https:\/\/www.instagram.com\/srtrier\/\"]}]}<\/script>\n<!-- \/ Yoast SEO plugin. -->","yoast_head_json":{"title":"Impressum - Studentische Rechtsberatung Trier","robots":{"index":"noindex","follow":"nofollow"},"og_locale":"de_DE","og_type":"article","og_title":"Impressum - Studentische Rechtsberatung Trier","og_url":"https:\/\/srtrier.de\/?page_id=3008","og_site_name":"Studentische Rechtsberatung Trier","article_modified_time":"2026-04-28T17:09:42+00:00","twitter_card":"summary_large_image","twitter_misc":{"Gesch\u00e4tzte Lesezeit":"1\u00a0Minute"},"schema":{"@context":"https:\/\/schema.org","@graph":[{"@type":"WebPage","@id":"https:\/\/srtrier.de\/?page_id=3008","url":"https:\/\/srtrier.de\/?page_id=3008","name":"Impressum - Studentische Rechtsberatung Trier","isPartOf":{"@id":"https:\/\/srtrier.de\/#website"},"datePublished":"2021-06-13T18:58:22+00:00","dateModified":"2026-04-28T17:09:42+00:00","breadcrumb":{"@id":"https:\/\/srtrier.de\/?page_id=3008#breadcrumb"},"inLanguage":"de","potentialAction":[{"@type":"ReadAction","target":["https:\/\/srtrier.de\/?page_id=3008"]}]},{"@type":"BreadcrumbList","@id":"https:\/\/srtrier.de\/?page_id=3008#breadcrumb","itemListElement":[{"@type":"ListItem","position":1,"name":"Startseite","item":"https:\/\/srtrier.de\/"},{"@type":"ListItem","position":2,"name":"Impressum"}]},{"@type":"WebSite","@id":"https:\/\/srtrier.de\/#website","url":"https:\/\/srtrier.de\/","name":"Studentische Rechtsberatung Trier","description":"","publisher":{"@id":"https:\/\/srtrier.de\/#organization"},"potentialAction":[{"@type":"SearchAction","target":{"@type":"EntryPoint","urlTemplate":"https:\/\/srtrier.de\/?s={search_term_string}"},"query-input":{"@type":"PropertyValueSpecification","valueRequired":true,"valueName":"search_term_string"}}],"inLanguage":"de"},{"@type":"Organization","@id":"https:\/\/srtrier.de\/#organization","name":"Studentische Rechtsberatung Trier","url":"https:\/\/srtrier.de\/","logo":{"@type":"ImageObject","inLanguage":"de","@id":"https:\/\/srtrier.de\/#\/schema\/logo\/image\/","url":"https:\/\/srtrier.de\/wp-content\/uploads\/2022\/07\/Logo_Mittelgross-2.png","contentUrl":"https:\/\/srtrier.de\/wp-content\/uploads\/2022\/07\/Logo_Mittelgross-2.png","width":600,"height":340,"caption":"Studentische Rechtsberatung Trier"},"image":{"@id":"https:\/\/srtrier.de\/#\/schema\/logo\/image\/"},"sameAs":["https:\/\/www.instagram.com\/srtrier\/"]}]}},"_links":{"self":[{"href":"https:\/\/srtrier.de\/index.php?rest_route=\/wp\/v2\/pages\/3008","targetHints":{"allow":["GET"]}}],"collection":[{"href":"https:\/\/srtrier.de\/index.php?rest_route=\/wp\/v2\/pages"}],"about":[{"href":"https:\/\/srtrier.de\/index.php?rest_route=\/wp\/v2\/types\/page"}],"author":[{"embeddable":true,"href":"https:\/\/srtrier.de\/index.php?rest_route=\/wp\/v2\/users\/1"}],"replies":[{"embeddable":true,"href":"https:\/\/srtrier.de\/index.php?rest_route=%2Fwp%2Fv2%2Fcomments&post=3008"}],"version-history":[{"count":11,"href":"https:\/\/srtrier.de\/index.php?rest_route=\/wp\/v2\/pages\/3008\/revisions"}],"predecessor-version":[{"id":5541,"href":"https:\/\/srtrier.de\/index.php?rest_route=\/wp\/v2\/pages\/3008\/revisions\/5541"}],"wp:attachment":[{"href":"https:\/\/srtrier.de\/index.php?rest_route=%2Fwp%2Fv2%2Fmedia&parent=3008"}],"curies":[{"name":"wp","href":"https:\/\/api.w.org\/{rel}","templated":true}]}}