{"id":3025,"date":"2021-06-13T19:20:55","date_gmt":"2021-06-13T19:20:55","guid":{"rendered":"http:\/\/test.srtrier.de\/?page_id=3025"},"modified":"2026-04-28T19:09:42","modified_gmt":"2026-04-28T17:09:42","slug":"mitglied-werden","status":"publish","type":"page","link":"https:\/\/srtrier.de\/?page_id=3025","title":{"rendered":"Mitglied werden"},"content":{"rendered":"<p><div class=\"fusion-fullwidth fullwidth-box fusion-builder-row-1 fusion-flex-container has-pattern-background has-mask-background nonhundred-percent-fullwidth non-hundred-percent-height-scrolling\" style=\"--awb-border-radius-top-left:0px;--awb-border-radius-top-right:0px;--awb-border-radius-bottom-right:0px;--awb-border-radius-bottom-left:0px;--awb-flex-wrap:wrap;\" ><div class=\"fusion-builder-row fusion-row fusion-flex-align-items-flex-start fusion-flex-content-wrap\" style=\"max-width:1372.8px;margin-left: calc(-4% \/ 2 );margin-right: calc(-4% \/ 2 );\"><div class=\"fusion-layout-column fusion_builder_column fusion-builder-column-0 fusion_builder_column_1_1 1_1 fusion-flex-column\" style=\"--awb-bg-size:cover;--awb-width-large:100%;--awb-margin-top-large:20px;--awb-spacing-right-large:1.92%;--awb-margin-bottom-large:20px;--awb-spacing-left-large:1.92%;--awb-width-medium:100%;--awb-order-medium:0;--awb-spacing-right-medium:1.92%;--awb-spacing-left-medium:1.92%;--awb-width-small:100%;--awb-order-small:0;--awb-spacing-right-small:1.92%;--awb-spacing-left-small:1.92%;\"><div class=\"fusion-column-wrapper fusion-column-has-shadow fusion-flex-justify-content-flex-start fusion-content-layout-column\"><div class=\"fusion-text fusion-text-1\"><p align=\"justify\">\n<\/div><div class=\"fusion-flip-boxes flip-boxes row fusion-columns-4 flip-effect-classic equal-heights\"><div class=\"fusion-flip-box-wrapper fusion-column col-lg-3 col-md-3 col-sm-3\"><div class=\"fusion-flip-box flip-right\" tabindex=\"0\"><div class=\"flip-box-inner-wrapper\"><div class=\"flip-box-front\" style=\"--awb-title-front-color:#000000;\"><div class=\"flip-box-front-inner\"><h4 class=\"flip-box-heading without-text\" style=\"--h4_typography-font-family:&quot;Montserrat&quot;;--h4_typography-font-weight:400;--h4_typography-font-style:normal;--h4_typography-font-size:25;\">Beraterin oder Berater<\/h4><\/div><\/div><div class=\"flip-box-back\" style=\"--awb-background-color-back:var(--awb-color5);--awb-text-back-color:var(--awb-color1);\"><div class=\"flip-box-back-inner\">Als Rechtsberaterin oder -berater ber\u00e4tst du unsere Mandanten bei ihren zivilrechtlichen Problemen. Daf\u00fcr musst du die unten genannten Anforderungen erf\u00fcllen.<\/div><\/div><\/div><\/div><\/div><div class=\"fusion-flip-box-wrapper fusion-column col-lg-3 col-md-3 col-sm-3\"><div class=\"fusion-flip-box flip-right\" tabindex=\"0\"><div class=\"flip-box-inner-wrapper\"><div class=\"flip-box-front\" style=\"--awb-title-front-color:#000000;\"><div class=\"flip-box-front-inner\"><h4 class=\"flip-box-heading without-text\" style=\"--h4_typography-font-family:&quot;Montserrat&quot;;--h4_typography-font-weight:400;--h4_typography-font-style:normal;--h4_typography-font-size:25;\">Juniorberaterin oder -berater<\/h4><\/div><\/div><div class=\"flip-box-back\" style=\"--awb-background-color-back:var(--awb-color5);--awb-text-back-color:var(--awb-color1);\"><div class=\"flip-box-back-inner\">\n<p>Juniorberater haben noch nicht die Voraussetzungen erf\u00fcllt, um beratend t\u00e4tig zu werden. Sie helfen den Beraterteams in ihren Mandaten.<\/p>\n<\/div><\/div><\/div><\/div><\/div><div class=\"fusion-flip-box-wrapper fusion-column col-lg-3 col-md-3 col-sm-3\"><div class=\"fusion-flip-box flip-right\" tabindex=\"0\"><div class=\"flip-box-inner-wrapper\"><div class=\"flip-box-front\" style=\"--awb-title-front-color:#000000;\"><div class=\"flip-box-front-inner\"><h4 class=\"flip-box-heading without-text\" style=\"--h4_typography-font-family:&quot;Montserrat&quot;;--h4_typography-font-weight:400;--h4_typography-font-style:normal;--h4_typography-font-size:25;\">Unterst\u00fctzendes Mitglied<\/h4><\/div><\/div><div class=\"flip-box-back\" style=\"--awb-background-color-back:var(--awb-color5);--awb-text-back-color:var(--awb-color1);\"><div class=\"flip-box-back-inner\">\n<p>Bei uns sind alle willkommen, die uns unterst\u00fctzen wollen. Du kannst dich in unseren Ressorts engagieren: Marketing, Events, Fallmanagement und IT.<\/p>\n<\/div><\/div><\/div><\/div><\/div><div class=\"fusion-flip-box-wrapper fusion-column col-lg-3 col-md-3 col-sm-3\"><div class=\"fusion-flip-box flip-right\" tabindex=\"0\"><div class=\"flip-box-inner-wrapper\"><div class=\"flip-box-front\" style=\"--awb-title-front-color:#000000;\"><div class=\"flip-box-front-inner\"><h4 class=\"flip-box-heading without-text\" style=\"--h4_typography-font-family:&quot;Montserrat&quot;;--h4_typography-font-weight:400;--h4_typography-font-style:normal;--h4_typography-font-size:25;\">Passives Mitglied<\/h4><\/div><\/div><div class=\"flip-box-back\" style=\"--awb-background-color-back:var(--awb-color5);--awb-text-back-color:var(--awb-color1);\"><div class=\"flip-box-back-inner\">Wer sich nicht aktiv einbringen m\u00f6chte, kann passives Mitglied werden. Als passives Mitglied unterst\u00fctzt du uns nur mit deinem Mitgliedsbeitrag.<\/div><\/div><\/div><\/div><\/div><\/div><div class=\"fusion-counters-box counters-box row fusion-clearfix fusion-columns-2\"><div class=\"fusion-counter-box fusion-column col-counter-box counter-box-wrapper col-lg-6 col-md-6 col-sm-6\" data-animationOffset=\"top-into-view\"><div class=\"counter-box-container\"><div class=\"content-box-percentage content-box-counter\"><span class=\"unit\">Mehr als <\/span><span class=\"display-counter\" data-value=\"40\" data-direction=\"up\" data-decimals=\"0\">0<\/span><\/div><div class=\"counter-box-content\">Mitglieder im Verein<\/div><\/div><\/div><div class=\"fusion-counter-box fusion-column col-counter-box counter-box-wrapper col-lg-6 col-md-6 col-sm-6\" data-animationOffset=\"top-into-view\"><div class=\"counter-box-container\"><div class=\"content-box-percentage content-box-counter\"><span class=\"unit\">Davon mehr als <\/span><span class=\"display-counter\" data-value=\"20\" data-direction=\"up\" data-decimals=\"0\">0<\/span><\/div><div class=\"counter-box-content\">Berater\/innen in der Rechtsberatung<\/div><\/div><\/div><\/div><\/div><\/div><\/div><\/div><div class=\"fusion-fullwidth fullwidth-box fusion-builder-row-2 fusion-flex-container nonhundred-percent-fullwidth non-hundred-percent-height-scrolling\" style=\"--awb-border-radius-top-left:0px;--awb-border-radius-top-right:0px;--awb-border-radius-bottom-right:0px;--awb-border-radius-bottom-left:0px;--awb-flex-wrap:wrap;\" ><div class=\"fusion-builder-row fusion-row fusion-flex-align-items-flex-start fusion-flex-content-wrap\" style=\"max-width:1372.8px;margin-left: calc(-4% \/ 2 );margin-right: calc(-4% \/ 2 );\"><div class=\"fusion-layout-column fusion_builder_column fusion-builder-column-1 fusion_builder_column_2_3 2_3 fusion-flex-column\" style=\"--awb-bg-size:cover;--awb-width-large:66.666666666667%;--awb-margin-top-large:20px;--awb-spacing-right-large:2.88%;--awb-margin-bottom-large:20px;--awb-spacing-left-large:2.88%;--awb-width-medium:66.666666666667%;--awb-order-medium:0;--awb-spacing-right-medium:2.88%;--awb-spacing-left-medium:2.88%;--awb-width-small:100%;--awb-order-small:0;--awb-spacing-right-small:1.92%;--awb-spacing-left-small:1.92%;\"><div class=\"fusion-column-wrapper fusion-column-has-shadow fusion-flex-justify-content-flex-start fusion-content-layout-column\"><div class=\"fusion-title title fusion-title-1 fusion-sep-none fusion-title-text fusion-title-size-three\"><h3 class=\"fusion-title-heading title-heading-left fusion-responsive-typography-calculated\" style=\"margin:0;--fontSize:32;line-height:1.26;\"><h4><strong>Deine Bewerbung<\/strong><\/h4><\/h3><\/div><iframe src=\"https:\/\/easyverein.com\/public\/SRT\/applicationform\/11063?iframe=True\" style=\"width: 100%; min-height: 800px;height: 100%;\"><\/iframe><br><small><\/small><\/div><\/div><div class=\"fusion-layout-column fusion_builder_column fusion-builder-column-2 fusion_builder_column_1_3 1_3 fusion-flex-column fusion-column-inner-bg-wrapper\" style=\"--awb-inner-bg-size:cover;--awb-width-large:33.333333333333%;--awb-margin-top-large:20px;--awb-spacing-right-large:5.76%;--awb-margin-bottom-large:20px;--awb-spacing-left-large:5.76%;--awb-width-medium:33.333333333333%;--awb-order-medium:0;--awb-spacing-right-medium:5.76%;--awb-spacing-left-medium:5.76%;--awb-width-small:100%;--awb-order-small:0;--awb-spacing-right-small:1.92%;--awb-spacing-left-small:1.92%;\"><span class=\"fusion-column-inner-bg hover-type-zoomin\"><span class=\"fusion-column-anchor\"><span class=\"fusion-column-inner-bg-image\"><\/span><\/span><\/span><div class=\"fusion-column-wrapper fusion-column-has-shadow fusion-flex-justify-content-flex-start fusion-content-layout-column\"><div class=\"fusion-title title fusion-title-2 fusion-sep-none fusion-title-text fusion-title-size-three\"><h3 class=\"fusion-title-heading title-heading-left fusion-responsive-typography-calculated\" style=\"margin:0;--fontSize:32;line-height:1.26;\"><h4 style=\"text-align: left;\"><strong>Was solltest du als Rechtsberaterin oder Rechtsberater mitbringen?<br \/>\n<\/strong><\/h4><\/h3><\/div><ul style=\"--awb-line-height:34px;--awb-icon-width:34px;--awb-icon-height:34px;--awb-icon-margin:14px;--awb-content-margin:48px;--awb-circlecolor:#ab8b65;--awb-circle-yes-font-size:17.6px;\" class=\"fusion-checklist fusion-checklist-1 fusion-checklist-default type-icons\"><li class=\"fusion-li-item\" style=\"\"><span class=\"icon-wrapper circle-yes\"><i class=\"fusion-li-icon fa-check fas\" aria-hidden=\"true\"><\/i><\/span><div class=\"fusion-li-item-content\">\n<p>Bestandene Zwischenpr\u00fcfungs-<br \/>\nklausuren in Zivilrecht I-III mit durchschnittlichen 6 Punkten <strong>oder <\/strong>bestandener Gro\u00dfer Schein im Zivilrecht mit durchschnittlich 6 Punkten<\/p>\n<\/div><\/li><li class=\"fusion-li-item\" style=\"\"><span class=\"icon-wrapper circle-yes\"><i class=\"fusion-li-icon fa-check fas\" aria-hidden=\"true\"><\/i><\/span><div class=\"fusion-li-item-content\">\n<p>Spa\u00df an der juristischen Arbeit in deiner Freizeit<\/p>\n<\/div><\/li><li class=\"fusion-li-item\" style=\"\"><span class=\"icon-wrapper circle-yes\"><i class=\"fusion-li-icon fa-check fas\" aria-hidden=\"true\"><\/i><\/span><div class=\"fusion-li-item-content\">Beherrschung der deutschen Sprache in Wort und Schrift<\/div><\/li><li class=\"fusion-li-item\" style=\"\"><span class=\"icon-wrapper circle-yes\"><i class=\"fusion-li-icon fa-check fas\" aria-hidden=\"true\"><\/i><\/span><div class=\"fusion-li-item-content\">\n<p>Professionelles und selbstbewusstes Auftreten<\/p>\n<\/div><\/li><\/ul><div class=\"fusion-title title fusion-title-3 fusion-sep-none fusion-title-text fusion-title-size-three\"><h3 class=\"fusion-title-heading title-heading-left fusion-responsive-typography-calculated\" style=\"margin:0;--fontSize:32;line-height:1.26;\"><h4><strong>Wir bieten dir:<br \/>\n<\/strong><\/h4><\/h3><\/div><ul style=\"--awb-line-height:34px;--awb-icon-width:34px;--awb-icon-height:34px;--awb-icon-margin:14px;--awb-content-margin:48px;--awb-circlecolor:#ab8b65;--awb-circle-yes-font-size:17.6px;\" class=\"fusion-checklist fusion-checklist-2 fusion-checklist-default type-icons\"><li class=\"fusion-li-item\" style=\"\"><span class=\"icon-wrapper circle-yes\"><i class=\"fusion-li-icon fa-check fas\" aria-hidden=\"true\"><\/i><\/span><div class=\"fusion-li-item-content\">\n<p>Praxiserfahrung (fachlich und im Umgang mit Mandanten)<\/p>\n<\/div><\/li><li class=\"fusion-li-item\" style=\"\"><span class=\"icon-wrapper circle-yes\"><i class=\"fusion-li-icon fa-check fas\" aria-hidden=\"true\"><\/i><\/span><div class=\"fusion-li-item-content\">Gemeinn\u00fctziges Engagement und Austausch mit Komilitonen<\/div><\/li><li class=\"fusion-li-item\" style=\"\"><span class=\"icon-wrapper circle-yes\"><i class=\"fusion-li-icon fa-check fas\" aria-hidden=\"true\"><\/i><\/span><div class=\"fusion-li-item-content\">Ber\u00fccksichtigung der Studienzeit bei der Vergabe der F\u00e4lle<\/div><\/li><li class=\"fusion-li-item\" style=\"\"><span class=\"icon-wrapper circle-yes\"><i class=\"fusion-li-icon fa-check fas\" aria-hidden=\"true\"><\/i><\/span><div class=\"fusion-li-item-content\">Spa\u00df im Vereinsleben und bei unseren Stammtischen<\/div><\/li><\/ul><div class=\"fusion-title title fusion-title-4 fusion-sep-none fusion-title-text fusion-title-size-three\"><h3 class=\"fusion-title-heading title-heading-left fusion-responsive-typography-calculated\" style=\"margin:0;--fontSize:32;line-height:1.26;\"><h4><strong>Jetzt einloggen:<br \/><\/strong><\/h4><\/h3><\/div><div style=\"text-align: center;\"><iframe width=\"215\" height=\"215\" src=\"https:\/\/easyverein.com\/public\/SRT\/iframe?foreground=ffffff&background=caab70\" style=\"border:none;\"><\/iframe><\/div><\/div><\/div><\/div><\/p>\n","protected":false},"excerpt":{"rendered":"","protected":false},"author":1,"featured_media":0,"parent":0,"menu_order":0,"comment_status":"open","ping_status":"closed","template":"","meta":{"_bbp_topic_count":0,"_bbp_reply_count":0,"_bbp_total_topic_count":0,"_bbp_total_reply_count":0,"_bbp_voice_count":0,"_bbp_anonymous_reply_count":0,"_bbp_topic_count_hidden":0,"_bbp_reply_count_hidden":0,"_bbp_forum_subforum_count":0,"footnotes":""},"class_list":["post-3025","page","type-page","status-publish","hentry"],"yoast_head":"<!-- This site is optimized with the Yoast SEO plugin v27.0 - https:\/\/yoast.com\/product\/yoast-seo-wordpress\/ -->\n<title>Mitglied werden - Studentische Rechtsberatung Trier<\/title>\n<meta name=\"robots\" content=\"index, follow, max-snippet:-1, max-image-preview:large, max-video-preview:-1\" \/>\n<link rel=\"canonical\" href=\"https:\/\/srtrier.de\/?page_id=3025\" \/>\n<meta property=\"og:locale\" content=\"de_DE\" \/>\n<meta property=\"og:type\" content=\"article\" \/>\n<meta property=\"og:title\" content=\"Mitglied werden - Studentische Rechtsberatung Trier\" \/>\n<meta property=\"og:url\" content=\"https:\/\/srtrier.de\/?page_id=3025\" \/>\n<meta property=\"og:site_name\" content=\"Studentische Rechtsberatung Trier\" \/>\n<meta property=\"article:modified_time\" content=\"2026-04-28T17:09:42+00:00\" \/>\n<meta name=\"twitter:card\" content=\"summary_large_image\" \/>\n<meta name=\"twitter:label1\" content=\"Gesch\u00e4tzte Lesezeit\" \/>\n\t<meta name=\"twitter:data1\" content=\"3\u00a0Minuten\" \/>\n<script type=\"application\/ld+json\" class=\"yoast-schema-graph\">{\"@context\":\"https:\/\/schema.org\",\"@graph\":[{\"@type\":\"WebPage\",\"@id\":\"https:\/\/srtrier.de\/?page_id=3025\",\"url\":\"https:\/\/srtrier.de\/?page_id=3025\",\"name\":\"Mitglied werden - Studentische Rechtsberatung Trier\",\"isPartOf\":{\"@id\":\"https:\/\/srtrier.de\/#website\"},\"datePublished\":\"2021-06-13T19:20:55+00:00\",\"dateModified\":\"2026-04-28T17:09:42+00:00\",\"breadcrumb\":{\"@id\":\"https:\/\/srtrier.de\/?page_id=3025#breadcrumb\"},\"inLanguage\":\"de\",\"potentialAction\":[{\"@type\":\"ReadAction\",\"target\":[\"https:\/\/srtrier.de\/?page_id=3025\"]}]},{\"@type\":\"BreadcrumbList\",\"@id\":\"https:\/\/srtrier.de\/?page_id=3025#breadcrumb\",\"itemListElement\":[{\"@type\":\"ListItem\",\"position\":1,\"name\":\"Startseite\",\"item\":\"https:\/\/srtrier.de\/\"},{\"@type\":\"ListItem\",\"position\":2,\"name\":\"Mitglied werden\"}]},{\"@type\":\"WebSite\",\"@id\":\"https:\/\/srtrier.de\/#website\",\"url\":\"https:\/\/srtrier.de\/\",\"name\":\"Studentische Rechtsberatung Trier\",\"description\":\"\",\"publisher\":{\"@id\":\"https:\/\/srtrier.de\/#organization\"},\"potentialAction\":[{\"@type\":\"SearchAction\",\"target\":{\"@type\":\"EntryPoint\",\"urlTemplate\":\"https:\/\/srtrier.de\/?s={search_term_string}\"},\"query-input\":{\"@type\":\"PropertyValueSpecification\",\"valueRequired\":true,\"valueName\":\"search_term_string\"}}],\"inLanguage\":\"de\"},{\"@type\":\"Organization\",\"@id\":\"https:\/\/srtrier.de\/#organization\",\"name\":\"Studentische Rechtsberatung Trier\",\"url\":\"https:\/\/srtrier.de\/\",\"logo\":{\"@type\":\"ImageObject\",\"inLanguage\":\"de\",\"@id\":\"https:\/\/srtrier.de\/#\/schema\/logo\/image\/\",\"url\":\"https:\/\/srtrier.de\/wp-content\/uploads\/2022\/07\/Logo_Mittelgross-2.png\",\"contentUrl\":\"https:\/\/srtrier.de\/wp-content\/uploads\/2022\/07\/Logo_Mittelgross-2.png\",\"width\":600,\"height\":340,\"caption\":\"Studentische Rechtsberatung Trier\"},\"image\":{\"@id\":\"https:\/\/srtrier.de\/#\/schema\/logo\/image\/\"},\"sameAs\":[\"https:\/\/www.instagram.com\/srtrier\/\"]}]}<\/script>\n<!-- \/ Yoast SEO plugin. -->","yoast_head_json":{"title":"Mitglied werden - Studentische Rechtsberatung Trier","robots":{"index":"index","follow":"follow","max-snippet":"max-snippet:-1","max-image-preview":"max-image-preview:large","max-video-preview":"max-video-preview:-1"},"canonical":"https:\/\/srtrier.de\/?page_id=3025","og_locale":"de_DE","og_type":"article","og_title":"Mitglied werden - Studentische Rechtsberatung Trier","og_url":"https:\/\/srtrier.de\/?page_id=3025","og_site_name":"Studentische Rechtsberatung Trier","article_modified_time":"2026-04-28T17:09:42+00:00","twitter_card":"summary_large_image","twitter_misc":{"Gesch\u00e4tzte Lesezeit":"3\u00a0Minuten"},"schema":{"@context":"https:\/\/schema.org","@graph":[{"@type":"WebPage","@id":"https:\/\/srtrier.de\/?page_id=3025","url":"https:\/\/srtrier.de\/?page_id=3025","name":"Mitglied werden - Studentische Rechtsberatung Trier","isPartOf":{"@id":"https:\/\/srtrier.de\/#website"},"datePublished":"2021-06-13T19:20:55+00:00","dateModified":"2026-04-28T17:09:42+00:00","breadcrumb":{"@id":"https:\/\/srtrier.de\/?page_id=3025#breadcrumb"},"inLanguage":"de","potentialAction":[{"@type":"ReadAction","target":["https:\/\/srtrier.de\/?page_id=3025"]}]},{"@type":"BreadcrumbList","@id":"https:\/\/srtrier.de\/?page_id=3025#breadcrumb","itemListElement":[{"@type":"ListItem","position":1,"name":"Startseite","item":"https:\/\/srtrier.de\/"},{"@type":"ListItem","position":2,"name":"Mitglied werden"}]},{"@type":"WebSite","@id":"https:\/\/srtrier.de\/#website","url":"https:\/\/srtrier.de\/","name":"Studentische Rechtsberatung Trier","description":"","publisher":{"@id":"https:\/\/srtrier.de\/#organization"},"potentialAction":[{"@type":"SearchAction","target":{"@type":"EntryPoint","urlTemplate":"https:\/\/srtrier.de\/?s={search_term_string}"},"query-input":{"@type":"PropertyValueSpecification","valueRequired":true,"valueName":"search_term_string"}}],"inLanguage":"de"},{"@type":"Organization","@id":"https:\/\/srtrier.de\/#organization","name":"Studentische Rechtsberatung Trier","url":"https:\/\/srtrier.de\/","logo":{"@type":"ImageObject","inLanguage":"de","@id":"https:\/\/srtrier.de\/#\/schema\/logo\/image\/","url":"https:\/\/srtrier.de\/wp-content\/uploads\/2022\/07\/Logo_Mittelgross-2.png","contentUrl":"https:\/\/srtrier.de\/wp-content\/uploads\/2022\/07\/Logo_Mittelgross-2.png","width":600,"height":340,"caption":"Studentische Rechtsberatung Trier"},"image":{"@id":"https:\/\/srtrier.de\/#\/schema\/logo\/image\/"},"sameAs":["https:\/\/www.instagram.com\/srtrier\/"]}]}},"_links":{"self":[{"href":"https:\/\/srtrier.de\/index.php?rest_route=\/wp\/v2\/pages\/3025","targetHints":{"allow":["GET"]}}],"collection":[{"href":"https:\/\/srtrier.de\/index.php?rest_route=\/wp\/v2\/pages"}],"about":[{"href":"https:\/\/srtrier.de\/index.php?rest_route=\/wp\/v2\/types\/page"}],"author":[{"embeddable":true,"href":"https:\/\/srtrier.de\/index.php?rest_route=\/wp\/v2\/users\/1"}],"replies":[{"embeddable":true,"href":"https:\/\/srtrier.de\/index.php?rest_route=%2Fwp%2Fv2%2Fcomments&post=3025"}],"version-history":[{"count":17,"href":"https:\/\/srtrier.de\/index.php?rest_route=\/wp\/v2\/pages\/3025\/revisions"}],"predecessor-version":[{"id":5458,"href":"https:\/\/srtrier.de\/index.php?rest_route=\/wp\/v2\/pages\/3025\/revisions\/5458"}],"wp:attachment":[{"href":"https:\/\/srtrier.de\/index.php?rest_route=%2Fwp%2Fv2%2Fmedia&parent=3025"}],"curies":[{"name":"wp","href":"https:\/\/api.w.org\/{rel}","templated":true}]}}