{"id":3642,"date":"2021-12-23T18:27:53","date_gmt":"2021-12-23T17:27:53","guid":{"rendered":"http:\/\/test.srtrier.de\/?page_id=3642"},"modified":"2026-04-28T19:09:41","modified_gmt":"2026-04-28T17:09:41","slug":"foerderung","status":"publish","type":"page","link":"https:\/\/srtrier.de\/?page_id=3642","title":{"rendered":"F\u00f6rderung"},"content":{"rendered":"<div class=\"fusion-fullwidth fullwidth-box fusion-builder-row-1 fusion-flex-container nonhundred-percent-fullwidth non-hundred-percent-height-scrolling\" style=\"--awb-border-radius-top-left:0px;--awb-border-radius-top-right:0px;--awb-border-radius-bottom-right:0px;--awb-border-radius-bottom-left:0px;--awb-flex-wrap:wrap;\" ><div class=\"fusion-builder-row fusion-row fusion-flex-align-items-flex-start fusion-flex-content-wrap\" style=\"max-width:1372.8px;margin-left: calc(-4% \/ 2 );margin-right: calc(-4% \/ 2 );\"><div class=\"fusion-layout-column fusion_builder_column fusion-builder-column-0 fusion_builder_column_1_1 1_1 fusion-flex-column\" style=\"--awb-bg-size:cover;--awb-width-large:100%;--awb-margin-top-large:20px;--awb-spacing-right-large:1.92%;--awb-margin-bottom-large:20px;--awb-spacing-left-large:1.92%;--awb-width-medium:100%;--awb-order-medium:0;--awb-spacing-right-medium:1.92%;--awb-spacing-left-medium:1.92%;--awb-width-small:100%;--awb-order-small:0;--awb-spacing-right-small:1.92%;--awb-spacing-left-small:1.92%;\"><div class=\"fusion-column-wrapper fusion-column-has-shadow fusion-flex-justify-content-flex-start fusion-content-layout-column\"><div class=\"fusion-text fusion-text-1\"><\/div><div class=\"fusion-tabs fusion-tabs-1 clean nav-not-justified horizontal-tabs icon-position-left mobile-mode-accordion\" style=\"--awb-title-border-radius-top-left:0px;--awb-title-border-radius-top-right:0px;--awb-title-border-radius-bottom-right:0px;--awb-title-border-radius-bottom-left:0px;--awb-alignment:center;--awb-inactive-color:#f1f2f2;--awb-background-color:#ffffff;--awb-border-color:#e2e2e2;--awb-active-border-color:#d6a759;\"><div class=\"nav\"><ul class=\"nav-tabs\" role=\"tablist\"><li class=\"active\" role=\"presentation\"><a class=\"tab-link\" data-toggle=\"tab\" role=\"tab\" aria-controls=\"tab-21cd455c68beaca4ce6\" aria-selected=\"true\" id=\"fusion-tab-einmaligespende\" href=\"#tab-21cd455c68beaca4ce6\"><h4 class=\"fusion-tab-heading\"><i class=\"fontawesome-icon fa-coins fas\" aria-hidden=\"true\" style=\"font-size:16px;\"><\/i>Einmalige Spende<\/h4><\/a><\/li><li role=\"presentation\"><a class=\"tab-link\" data-toggle=\"tab\" role=\"tab\" aria-controls=\"tab-3bd934ab7c6d65c7749\" aria-selected=\"false\" tabindex=\"-1\" id=\"fusion-tab-f\u00f6rdermitgliedwerden\" href=\"#tab-3bd934ab7c6d65c7749\"><h4 class=\"fusion-tab-heading\"><i class=\"fontawesome-icon fa-child fas\" aria-hidden=\"true\" style=\"font-size:16px;\"><\/i>F\u00f6rdermitglied werden<\/h4><\/a><\/li><\/ul><\/div><div class=\"tab-content\"><div class=\"nav fusion-mobile-tab-nav\"><ul class=\"nav-tabs\" role=\"tablist\"><li class=\"active\" role=\"presentation\"><a class=\"tab-link\" data-toggle=\"tab\" role=\"tab\" aria-controls=\"tab-21cd455c68beaca4ce6\" aria-selected=\"true\" id=\"mobile-fusion-tab-einmaligespende\" href=\"#tab-21cd455c68beaca4ce6\"><h4 class=\"fusion-tab-heading\"><i class=\"fontawesome-icon fa-coins fas\" aria-hidden=\"true\" style=\"font-size:16px;\"><\/i>Einmalige Spende<\/h4><\/a><\/li><\/ul><\/div><div class=\"tab-pane fade fusion-clearfix in active\" role=\"tabpanel\" tabindex=\"0\" aria-labelledby=\"fusion-tab-einmaligespende\" id=\"tab-21cd455c68beaca4ce6\">\n<p><strong>Vielen Dank, dass Sie uns unterst\u00fctzen m\u00f6chten!<\/strong> Spenden werden ausschlie\u00dflich gem\u00e4\u00df des Vereinszwecks verwendet. Sie k\u00f6nnen uns Ihre Spende per Bank\u00fcberweisung oder PayPal zukommen lassen. Spenden sind steuerlich absetzbar, bis zu einem Spendenbetrag von 300,00\u20ac gen\u00fcgt hier normalerweise der Einzahlungs- oder \u00dcberweisungsbeleg. Einen Spendenbescheid lassen wir Ihnen auf Wunsch gerne auch schon bei einer geringeren Summe zukommen, wenden Sie sich daf\u00fcr bitte anschlie\u00dfend an info(at)srtrier.de.<\/p>\n<h4 style=\"text-align: center;\"><strong>Spende per Bank\u00fcberweisung<\/strong><\/h4>\n<div class=\"fusion-alert alert general alert-info fusion-alert-center awb-alert-native-link-color alert-shadow\" role=\"alert\"><div class=\"fusion-alert-content-wrapper\"><span class=\"alert-icon\"><i class=\"awb-icon-info-circle\" aria-hidden=\"true\"><\/i><\/span><span class=\"fusion-alert-content\"><p><strong>Empf\u00e4nger<\/strong>: Studentische Rechtsberatung Trier e.V.<\/p>\n<p><strong>Kreditinstitut: <\/strong>Sparkasse Trier<\/p>\n<p><strong>IBAN<\/strong>: DE50585501300001131564<\/p>\n<p><strong>BIC:\u00a0<\/strong>TRISDE55XXX<\/p>\n<p><i>Bitte verwenden Sie im Verwendungszweck das Wort &#8222;Spende&#8220;, damit wir Ihre Buchung besser zuordnen k\u00f6nnen.<\/i><\/p><\/span><\/div><\/div>\n<h4 style=\"text-align: center;\"><strong>Spende per PayPal<br \/><\/strong><\/h4>\n<span style=\"text-align: center\">\n<div id=\"donate-button-container\">\n<div id=\"donate-button\"><\/div>\n<script src=\"https:\/\/www.paypalobjects.com\/donate\/sdk\/donate-sdk.js\" charset=\"UTF-8\"><\/script>\n<script>\nPayPal.Donation.Button({\nenv:'production',\nhosted_button_id:'CTCDUZWDMHST4',\nimage: {\nsrc:'https:\/\/www.paypalobjects.com\/de_DE\/DE\/i\/btn\/btn_donateCC_LG.gif',\nalt:'Spenden mit dem PayPal-Button',\ntitle:'PayPal - The safer, easier way to pay online!',\n}\n}).render('#donate-button');\n<\/script>\n<\/div>\n<\/span><br>\n<img class=\"lazyload\" decoding=\"async\" src=\"data:image\/svg+xml,%3Csvg%20xmlns%3D%27http%3A%2F%2Fwww.w3.org%2F2000%2Fsvg%27%20width%3D%27128%27%20height%3D%27128%27%20viewBox%3D%270%200%20128%20128%27%3E%3Crect%20width%3D%27128%27%20height%3D%27128%27%20fill-opacity%3D%220%22%2F%3E%3C%2Fsvg%3E\" data-orig-src=\"https:\/\/srtrier.de\/wp-content\/uploads\/2022\/01\/QR-Code.png\" style=\"display: block;\n  margin-left: auto;\n  margin-right: auto;\"><\/div><div class=\"nav fusion-mobile-tab-nav\"><ul class=\"nav-tabs\" role=\"tablist\"><li role=\"presentation\"><a class=\"tab-link\" data-toggle=\"tab\" role=\"tab\" aria-controls=\"tab-3bd934ab7c6d65c7749\" aria-selected=\"false\" tabindex=\"-1\" id=\"mobile-fusion-tab-f\u00f6rdermitgliedwerden\" href=\"#tab-3bd934ab7c6d65c7749\"><h4 class=\"fusion-tab-heading\"><i class=\"fontawesome-icon fa-child fas\" aria-hidden=\"true\" style=\"font-size:16px;\"><\/i>F\u00f6rdermitglied werden<\/h4><\/a><\/li><\/ul><\/div><div class=\"tab-pane fade fusion-clearfix\" role=\"tabpanel\" tabindex=\"0\" aria-labelledby=\"fusion-tab-f\u00f6rdermitgliedwerden\" id=\"tab-3bd934ab7c6d65c7749\">Vielen Dank, dass Sie uns mit einer F\u00f6rdermitgliedschaft unterst\u00fctzen wollen. Eine F\u00f6rdermitgliedschaft ist eine ideale M\u00f6glichkeit den Verein finanziell zu unterst\u00fctzen. Bitte beachten Sie, dass Sie als F\u00f6rdermitglied kein Stimmrecht auf Mitgliederversammlungen haben. Eine Spendenquittung erhalten Sie bei Nachfrage an info(at)srtrier.de gerne!<\/p>\n<p><iframe src=\"https:\/\/easyverein.com\/public\/SRT\/applicationform\/11064?iframe=True\" style=\"width: 100%; min-height: 800px; height: 100%;\"><\/iframe><br \/><small><\/small><\/div><\/div><\/div><div class=\"fusion-builder-row fusion-builder-row-inner fusion-row fusion-flex-align-items-flex-start fusion-flex-content-wrap\" style=\"width:104% !important;max-width:104% !important;margin-left: calc(-4% \/ 2 );margin-right: calc(-4% \/ 2 );\"><div class=\"fusion-layout-column fusion_builder_column_inner fusion-builder-nested-column-0 fusion_builder_column_inner_1_2 1_2 fusion-flex-column\" style=\"--awb-bg-size:cover;--awb-width-large:50%;--awb-margin-top-large:20px;--awb-spacing-right-large:3.84%;--awb-margin-bottom-large:20px;--awb-spacing-left-large:3.84%;--awb-width-medium:50%;--awb-order-medium:0;--awb-spacing-right-medium:3.84%;--awb-spacing-left-medium:3.84%;--awb-width-small:100%;--awb-order-small:0;--awb-spacing-right-small:1.92%;--awb-spacing-left-small:1.92%;\"><div class=\"fusion-column-wrapper fusion-column-has-shadow fusion-flex-justify-content-flex-start fusion-content-layout-column\"><\/div><\/div><div class=\"fusion-layout-column fusion_builder_column_inner fusion-builder-nested-column-1 fusion_builder_column_inner_1_2 1_2 fusion-flex-column\" style=\"--awb-bg-size:cover;--awb-width-large:50%;--awb-margin-top-large:20px;--awb-spacing-right-large:3.84%;--awb-margin-bottom-large:20px;--awb-spacing-left-large:3.84%;--awb-width-medium:50%;--awb-order-medium:0;--awb-spacing-right-medium:3.84%;--awb-spacing-left-medium:3.84%;--awb-width-small:100%;--awb-order-small:0;--awb-spacing-right-small:1.92%;--awb-spacing-left-small:1.92%;\"><div class=\"fusion-column-wrapper fusion-column-has-shadow fusion-flex-justify-content-flex-start fusion-content-layout-column\"><\/div><\/div><\/div><div class=\"fusion-text fusion-text-2\" style=\"--awb-font-size:10px;\"><p><a href=\"https:\/\/www.freepik.com\/vectors\/gold\">Gold vector created by vectorjuice &#8211; www.freepik.com<\/a><\/p>\n<\/div><\/div><\/div><\/div><\/div>\n","protected":false},"excerpt":{"rendered":"","protected":false},"author":1,"featured_media":0,"parent":0,"menu_order":0,"comment_status":"open","ping_status":"closed","template":"","meta":{"_bbp_topic_count":0,"_bbp_reply_count":0,"_bbp_total_topic_count":0,"_bbp_total_reply_count":0,"_bbp_voice_count":0,"_bbp_anonymous_reply_count":0,"_bbp_topic_count_hidden":0,"_bbp_reply_count_hidden":0,"_bbp_forum_subforum_count":0,"footnotes":""},"class_list":["post-3642","page","type-page","status-publish","hentry"],"yoast_head":"<!-- This site is optimized with the Yoast SEO plugin v27.0 - https:\/\/yoast.com\/product\/yoast-seo-wordpress\/ -->\n<title>F\u00f6rderung - Studentische Rechtsberatung Trier<\/title>\n<meta name=\"robots\" content=\"index, follow, max-snippet:-1, max-image-preview:large, max-video-preview:-1\" \/>\n<link rel=\"canonical\" href=\"https:\/\/srtrier.de\/?page_id=3642\" \/>\n<meta property=\"og:locale\" content=\"de_DE\" \/>\n<meta property=\"og:type\" content=\"article\" \/>\n<meta property=\"og:title\" content=\"F\u00f6rderung - Studentische Rechtsberatung Trier\" \/>\n<meta property=\"og:url\" content=\"https:\/\/srtrier.de\/?page_id=3642\" \/>\n<meta property=\"og:site_name\" content=\"Studentische Rechtsberatung Trier\" \/>\n<meta property=\"article:modified_time\" content=\"2026-04-28T17:09:41+00:00\" \/>\n<meta name=\"twitter:card\" content=\"summary_large_image\" \/>\n<meta name=\"twitter:label1\" content=\"Gesch\u00e4tzte Lesezeit\" \/>\n\t<meta name=\"twitter:data1\" content=\"6\u00a0Minuten\" \/>\n<script type=\"application\/ld+json\" class=\"yoast-schema-graph\">{\"@context\":\"https:\/\/schema.org\",\"@graph\":[{\"@type\":\"WebPage\",\"@id\":\"https:\/\/srtrier.de\/?page_id=3642\",\"url\":\"https:\/\/srtrier.de\/?page_id=3642\",\"name\":\"F\u00f6rderung - Studentische Rechtsberatung Trier\",\"isPartOf\":{\"@id\":\"https:\/\/srtrier.de\/#website\"},\"datePublished\":\"2021-12-23T17:27:53+00:00\",\"dateModified\":\"2026-04-28T17:09:41+00:00\",\"breadcrumb\":{\"@id\":\"https:\/\/srtrier.de\/?page_id=3642#breadcrumb\"},\"inLanguage\":\"de\",\"potentialAction\":[{\"@type\":\"ReadAction\",\"target\":[\"https:\/\/srtrier.de\/?page_id=3642\"]}]},{\"@type\":\"BreadcrumbList\",\"@id\":\"https:\/\/srtrier.de\/?page_id=3642#breadcrumb\",\"itemListElement\":[{\"@type\":\"ListItem\",\"position\":1,\"name\":\"Startseite\",\"item\":\"https:\/\/srtrier.de\/\"},{\"@type\":\"ListItem\",\"position\":2,\"name\":\"F\u00f6rderung\"}]},{\"@type\":\"WebSite\",\"@id\":\"https:\/\/srtrier.de\/#website\",\"url\":\"https:\/\/srtrier.de\/\",\"name\":\"Studentische Rechtsberatung Trier\",\"description\":\"\",\"publisher\":{\"@id\":\"https:\/\/srtrier.de\/#organization\"},\"potentialAction\":[{\"@type\":\"SearchAction\",\"target\":{\"@type\":\"EntryPoint\",\"urlTemplate\":\"https:\/\/srtrier.de\/?s={search_term_string}\"},\"query-input\":{\"@type\":\"PropertyValueSpecification\",\"valueRequired\":true,\"valueName\":\"search_term_string\"}}],\"inLanguage\":\"de\"},{\"@type\":\"Organization\",\"@id\":\"https:\/\/srtrier.de\/#organization\",\"name\":\"Studentische Rechtsberatung Trier\",\"url\":\"https:\/\/srtrier.de\/\",\"logo\":{\"@type\":\"ImageObject\",\"inLanguage\":\"de\",\"@id\":\"https:\/\/srtrier.de\/#\/schema\/logo\/image\/\",\"url\":\"https:\/\/srtrier.de\/wp-content\/uploads\/2022\/07\/Logo_Mittelgross-2.png\",\"contentUrl\":\"https:\/\/srtrier.de\/wp-content\/uploads\/2022\/07\/Logo_Mittelgross-2.png\",\"width\":600,\"height\":340,\"caption\":\"Studentische Rechtsberatung Trier\"},\"image\":{\"@id\":\"https:\/\/srtrier.de\/#\/schema\/logo\/image\/\"},\"sameAs\":[\"https:\/\/www.instagram.com\/srtrier\/\"]}]}<\/script>\n<!-- \/ Yoast SEO plugin. -->","yoast_head_json":{"title":"F\u00f6rderung - Studentische Rechtsberatung Trier","robots":{"index":"index","follow":"follow","max-snippet":"max-snippet:-1","max-image-preview":"max-image-preview:large","max-video-preview":"max-video-preview:-1"},"canonical":"https:\/\/srtrier.de\/?page_id=3642","og_locale":"de_DE","og_type":"article","og_title":"F\u00f6rderung - Studentische Rechtsberatung Trier","og_url":"https:\/\/srtrier.de\/?page_id=3642","og_site_name":"Studentische Rechtsberatung Trier","article_modified_time":"2026-04-28T17:09:41+00:00","twitter_card":"summary_large_image","twitter_misc":{"Gesch\u00e4tzte Lesezeit":"6\u00a0Minuten"},"schema":{"@context":"https:\/\/schema.org","@graph":[{"@type":"WebPage","@id":"https:\/\/srtrier.de\/?page_id=3642","url":"https:\/\/srtrier.de\/?page_id=3642","name":"F\u00f6rderung - Studentische Rechtsberatung Trier","isPartOf":{"@id":"https:\/\/srtrier.de\/#website"},"datePublished":"2021-12-23T17:27:53+00:00","dateModified":"2026-04-28T17:09:41+00:00","breadcrumb":{"@id":"https:\/\/srtrier.de\/?page_id=3642#breadcrumb"},"inLanguage":"de","potentialAction":[{"@type":"ReadAction","target":["https:\/\/srtrier.de\/?page_id=3642"]}]},{"@type":"BreadcrumbList","@id":"https:\/\/srtrier.de\/?page_id=3642#breadcrumb","itemListElement":[{"@type":"ListItem","position":1,"name":"Startseite","item":"https:\/\/srtrier.de\/"},{"@type":"ListItem","position":2,"name":"F\u00f6rderung"}]},{"@type":"WebSite","@id":"https:\/\/srtrier.de\/#website","url":"https:\/\/srtrier.de\/","name":"Studentische Rechtsberatung Trier","description":"","publisher":{"@id":"https:\/\/srtrier.de\/#organization"},"potentialAction":[{"@type":"SearchAction","target":{"@type":"EntryPoint","urlTemplate":"https:\/\/srtrier.de\/?s={search_term_string}"},"query-input":{"@type":"PropertyValueSpecification","valueRequired":true,"valueName":"search_term_string"}}],"inLanguage":"de"},{"@type":"Organization","@id":"https:\/\/srtrier.de\/#organization","name":"Studentische Rechtsberatung Trier","url":"https:\/\/srtrier.de\/","logo":{"@type":"ImageObject","inLanguage":"de","@id":"https:\/\/srtrier.de\/#\/schema\/logo\/image\/","url":"https:\/\/srtrier.de\/wp-content\/uploads\/2022\/07\/Logo_Mittelgross-2.png","contentUrl":"https:\/\/srtrier.de\/wp-content\/uploads\/2022\/07\/Logo_Mittelgross-2.png","width":600,"height":340,"caption":"Studentische Rechtsberatung Trier"},"image":{"@id":"https:\/\/srtrier.de\/#\/schema\/logo\/image\/"},"sameAs":["https:\/\/www.instagram.com\/srtrier\/"]}]}},"_links":{"self":[{"href":"https:\/\/srtrier.de\/index.php?rest_route=\/wp\/v2\/pages\/3642","targetHints":{"allow":["GET"]}}],"collection":[{"href":"https:\/\/srtrier.de\/index.php?rest_route=\/wp\/v2\/pages"}],"about":[{"href":"https:\/\/srtrier.de\/index.php?rest_route=\/wp\/v2\/types\/page"}],"author":[{"embeddable":true,"href":"https:\/\/srtrier.de\/index.php?rest_route=\/wp\/v2\/users\/1"}],"replies":[{"embeddable":true,"href":"https:\/\/srtrier.de\/index.php?rest_route=%2Fwp%2Fv2%2Fcomments&post=3642"}],"version-history":[{"count":15,"href":"https:\/\/srtrier.de\/index.php?rest_route=\/wp\/v2\/pages\/3642\/revisions"}],"predecessor-version":[{"id":5314,"href":"https:\/\/srtrier.de\/index.php?rest_route=\/wp\/v2\/pages\/3642\/revisions\/5314"}],"wp:attachment":[{"href":"https:\/\/srtrier.de\/index.php?rest_route=%2Fwp%2Fv2%2Fmedia&parent=3642"}],"curies":[{"name":"wp","href":"https:\/\/api.w.org\/{rel}","templated":true}]}}