{"id":5325,"date":"2024-09-25T10:59:26","date_gmt":"2024-09-25T08:59:26","guid":{"rendered":"https:\/\/srtrier.de\/?page_id=5325"},"modified":"2026-04-28T19:09:42","modified_gmt":"2026-04-28T17:09:42","slug":"kontakt","status":"publish","type":"page","link":"https:\/\/srtrier.de\/?page_id=5325","title":{"rendered":"Kontakt"},"content":{"rendered":"<p><div class=\"fusion-fullwidth fullwidth-box fusion-builder-row-1 fusion-flex-container nonhundred-percent-fullwidth non-hundred-percent-height-scrolling fusion-animated\" style=\"--awb-border-radius-top-left:0px;--awb-border-radius-top-right:0px;--awb-border-radius-bottom-right:0px;--awb-border-radius-bottom-left:0px;--awb-padding-bottom:30px;--awb-background-image:linear-gradient(180deg, #f9f9f9 0%,#f9f9f9 100%);--awb-flex-wrap:wrap;\" data-animationType=\"revealInLeft\" data-animationDuration=\"0.3\" data-animationOffset=\"top-into-view\" ><div class=\"fusion-builder-row fusion-row fusion-flex-align-items-flex-start fusion-flex-content-wrap\" style=\"max-width:1372.8px;margin-left: calc(-4% \/ 2 );margin-right: calc(-4% \/ 2 );\"><div class=\"fusion-layout-column fusion_builder_column fusion-builder-column-0 fusion_builder_column_1_1 1_1 fusion-flex-column\" style=\"--awb-bg-size:cover;--awb-width-large:100%;--awb-margin-top-large:20px;--awb-spacing-right-large:1.92%;--awb-margin-bottom-large:20px;--awb-spacing-left-large:1.92%;--awb-width-medium:100%;--awb-order-medium:0;--awb-spacing-right-medium:1.92%;--awb-spacing-left-medium:1.92%;--awb-width-small:100%;--awb-order-small:0;--awb-spacing-right-small:1.92%;--awb-spacing-left-small:1.92%;\"><div class=\"fusion-column-wrapper fusion-column-has-shadow fusion-flex-justify-content-flex-start fusion-content-layout-column\"><div class=\"fusion-title title fusion-title-1 fusion-sep-none fusion-title-center fusion-title-text fusion-title-size-three\"><h3 class=\"fusion-title-heading title-heading-center fusion-responsive-typography-calculated\" style=\"margin:0;--fontSize:32;line-height:1.26;\">Vorstand<\/h3><\/div><\/div><\/div><div class=\"fusion-layout-column fusion_builder_column fusion-builder-column-1 fusion_builder_column_1_1 1_1 fusion-flex-column\" style=\"--awb-bg-size:cover;--awb-width-large:100%;--awb-margin-top-large:20px;--awb-spacing-right-large:1.92%;--awb-margin-bottom-large:20px;--awb-spacing-left-large:1.92%;--awb-width-medium:100%;--awb-order-medium:0;--awb-spacing-right-medium:1.92%;--awb-spacing-left-medium:1.92%;--awb-width-small:100%;--awb-order-small:0;--awb-spacing-right-small:1.92%;--awb-spacing-left-small:1.92%;\"><div class=\"fusion-column-wrapper fusion-column-has-shadow fusion-flex-justify-content-flex-start fusion-content-layout-column\"><div class=\"fusion-person person fusion-person-center fusion-person-1 fusion-person-icon-top fusion-animated\" style=\"--awb-pic-style-color:#000000;--awb-pic-borderradius:0px;--awb-margin-top:0px;--awb-margin-right:0px;--awb-margin-bottom:0px;--awb-margin-left:0px;--awb-social-box-border-top:0px;--awb-social-box-border-right:0px;--awb-social-box-border-bottom:0px;--awb-social-box-border-left:0px;--awb-social-box-border-color:var(--awb-color3);--awb-social-box-border-color-hover:var(--awb-color4);--awb-social-box-colors-hover:rgba(232,232,232,0.8);--awb-social-icon-boxed-colors:#e8e8e8;--awb-social-icon-colors:#bebdbd;--awb-social-icon-colors-hover:rgba(190,189,189,0.8);\" data-animationType=\"zoomInLeft\" data-animationDuration=\"5.0\" data-animationOffset=\"top-into-view\"><div class=\"person-shortcode-image-wrapper\"><div class=\"person-image-container hover-type-zoomin dropshadow\" style=\"border:0px solid #f6f6f6;-webkit-box-shadow: 3px 3px 7px rgba(0,0,0,0.3);box-shadow: 3px 3px 7px rgba(0,0,0,0.3);-webkit-border-radius:0px;-moz-border-radius:0px;border-radius:0px;\"><img decoding=\"async\" class=\"lazyload person-img img-responsive wp-image-4610\" width=\"212\" height=\"300\" src=\"https:\/\/srtrier.de\/wp-content\/uploads\/2023\/07\/Lebenslauf-Kopie-2.jpg\" data-orig-src=\"https:\/\/srtrier.de\/wp-content\/uploads\/2023\/07\/Lebenslauf-Kopie-2-212x300.jpg\" alt=\"Moritz Ewertz\" srcset=\"data:image\/svg+xml,%3Csvg%20xmlns%3D%27http%3A%2F%2Fwww.w3.org%2F2000%2Fsvg%27%20width%3D%27535%27%20height%3D%27758%27%20viewBox%3D%270%200%20535%20758%27%3E%3Crect%20width%3D%27535%27%20height%3D%27758%27%20fill-opacity%3D%220%22%2F%3E%3C%2Fsvg%3E\" data-srcset=\"https:\/\/srtrier.de\/wp-content\/uploads\/2023\/07\/Lebenslauf-Kopie-2-200x283.jpg 200w, https:\/\/srtrier.de\/wp-content\/uploads\/2023\/07\/Lebenslauf-Kopie-2-400x567.jpg 400w, https:\/\/srtrier.de\/wp-content\/uploads\/2023\/07\/Lebenslauf-Kopie-2.jpg 535w\" data-sizes=\"auto\" data-orig-sizes=\"(max-width: 640px) 100vw, 212px\" \/><\/div><\/div><div class=\"person-desc\"><div class=\"person-author\"><div class=\"person-author-wrapper\"><span class=\"person-name\">Moritz Ewertz<\/span><span class=\"person-title\"><\/span><\/div><\/div><div class=\"person-content fusion-clearfix\">Vorstand<\/div><\/div><\/div><\/div><\/div><\/div><\/div><div class=\"fusion-fullwidth fullwidth-box fusion-builder-row-2 fusion-flex-container has-pattern-background has-mask-background nonhundred-percent-fullwidth non-hundred-percent-height-scrolling\" style=\"--awb-border-radius-top-left:0px;--awb-border-radius-top-right:0px;--awb-border-radius-bottom-right:0px;--awb-border-radius-bottom-left:0px;--awb-flex-wrap:wrap;\" ><div class=\"fusion-builder-row fusion-row fusion-flex-align-items-flex-start fusion-flex-content-wrap\" style=\"max-width:1372.8px;margin-left: calc(-4% \/ 2 );margin-right: calc(-4% \/ 2 );\"><div class=\"fusion-layout-column fusion_builder_column fusion-builder-column-2 fusion_builder_column_1_1 1_1 fusion-flex-column\" style=\"--awb-bg-size:cover;--awb-width-large:100%;--awb-margin-top-large:20px;--awb-spacing-right-large:1.92%;--awb-margin-bottom-large:20px;--awb-spacing-left-large:1.92%;--awb-width-medium:100%;--awb-order-medium:0;--awb-spacing-right-medium:1.92%;--awb-spacing-left-medium:1.92%;--awb-width-small:100%;--awb-order-small:0;--awb-spacing-right-small:1.92%;--awb-spacing-left-small:1.92%;\"><div class=\"fusion-column-wrapper fusion-column-has-shadow fusion-flex-justify-content-flex-start fusion-content-layout-column\"><div class=\"fusion-text fusion-text-1\" style=\"--awb-content-alignment:justify;\"><p>Der Vorstand der Studentischen Rechtsberatung Trier organisiert die T\u00e4tigkeit des Vereins. Zu den Aufgaben z\u00e4hlen unter anderem die Verteilung der Mandate, die Organisation von Weiterbildungs- und Teambildungevents und die Finanzverwaltung. Der Vorstand kann Ihnen bei allgemeinen Fragen zur Beratungst\u00e4tigkeit, zum Verein oder zu den rechtlichen Hintergr\u00fcnden behilflich sein. Sie erreichen den Vorstand \u00fcber unser Kontaktformular.<\/p>\n<\/div><\/div><\/div><\/div><\/div><div class=\"fusion-fullwidth fullwidth-box fusion-builder-row-3 fusion-flex-container nonhundred-percent-fullwidth non-hundred-percent-height-scrolling fusion-animated\" style=\"--awb-border-radius-top-left:0px;--awb-border-radius-top-right:0px;--awb-border-radius-bottom-right:0px;--awb-border-radius-bottom-left:0px;--awb-flex-wrap:wrap;\" data-animationType=\"revealInLeft\" data-animationDuration=\"0.3\" data-animationOffset=\"top-into-view\" ><div class=\"fusion-builder-row fusion-row fusion-flex-align-items-flex-start fusion-flex-content-wrap\" style=\"max-width:1372.8px;margin-left: calc(-4% \/ 2 );margin-right: calc(-4% \/ 2 );\"><div class=\"fusion-layout-column fusion_builder_column fusion-builder-column-3 fusion_builder_column_1_1 1_1 fusion-flex-column\" style=\"--awb-bg-size:cover;--awb-width-large:100%;--awb-margin-top-large:20px;--awb-spacing-right-large:1.92%;--awb-margin-bottom-large:20px;--awb-spacing-left-large:1.92%;--awb-width-medium:100%;--awb-order-medium:0;--awb-spacing-right-medium:1.92%;--awb-spacing-left-medium:1.92%;--awb-width-small:100%;--awb-order-small:0;--awb-spacing-right-small:1.92%;--awb-spacing-left-small:1.92%;\"><div class=\"fusion-column-wrapper fusion-column-has-shadow fusion-flex-justify-content-flex-start fusion-content-layout-column\"><div class=\"fusion-title title fusion-title-2 fusion-sep-none fusion-title-center fusion-title-text fusion-title-size-three fusion-animated\" data-animationType=\"fadeInLeft\" data-animationDuration=\"0.3\" data-animationOffset=\"top-into-view\"><h3 class=\"fusion-title-heading title-heading-center fusion-responsive-typography-calculated\" style=\"margin:0;--fontSize:32;line-height:1.26;\">So erreichen Sie uns&#8230;<\/h3><\/div><\/div><\/div><div class=\"fusion-layout-column fusion_builder_column fusion-builder-column-4 fusion_builder_column_1_2 1_2 fusion-flex-column\" style=\"--awb-bg-size:cover;--awb-width-large:50%;--awb-margin-top-large:20px;--awb-spacing-right-large:3.84%;--awb-margin-bottom-large:20px;--awb-spacing-left-large:3.84%;--awb-width-medium:50%;--awb-order-medium:0;--awb-spacing-right-medium:3.84%;--awb-spacing-left-medium:3.84%;--awb-width-small:100%;--awb-order-small:0;--awb-spacing-right-small:1.92%;--awb-spacing-left-small:1.92%;\"><div class=\"fusion-column-wrapper fusion-column-has-shadow fusion-flex-justify-content-flex-start fusion-content-layout-column\"><div style=\"text-align:center;\"><a class=\"fusion-button button-flat fusion-button-default-size button-default fusion-button-default button-1 fusion-button-default-span fusion-button-default-type\" target=\"_self\" href=\"https:\/\/srtrier.de\/?page_id=22\"><i class=\"fa-gavel fas awb-button__icon awb-button__icon--default button-icon-left\" aria-hidden=\"true\"><\/i><span class=\"fusion-button-text awb-button__text awb-button__text--default\">Fall einreichen<\/span><\/a><\/div><\/div><\/div><div class=\"fusion-layout-column fusion_builder_column fusion-builder-column-5 fusion_builder_column_1_2 1_2 fusion-flex-column\" style=\"--awb-bg-size:cover;--awb-width-large:50%;--awb-margin-top-large:20px;--awb-spacing-right-large:3.84%;--awb-margin-bottom-large:20px;--awb-spacing-left-large:3.84%;--awb-width-medium:50%;--awb-order-medium:0;--awb-spacing-right-medium:3.84%;--awb-spacing-left-medium:3.84%;--awb-width-small:100%;--awb-order-small:0;--awb-spacing-right-small:1.92%;--awb-spacing-left-small:1.92%;\"><div class=\"fusion-column-wrapper fusion-column-has-shadow fusion-flex-justify-content-flex-start fusion-content-layout-column\"><div style=\"text-align:center;\"><a class=\"fusion-button button-flat fusion-button-default-size button-default fusion-button-default button-2 fusion-button-default-span fusion-button-default-type\" target=\"_self\" href=\"https:\/\/srtrier.de\/?page_id=5330\"><i class=\"fa-address-book fas awb-button__icon awb-button__icon--default button-icon-left\" aria-hidden=\"true\"><\/i><span class=\"fusion-button-text awb-button__text awb-button__text--default\">Kontaktformular<\/span><\/a><\/div><\/div><\/div><\/div><\/div><div class=\"fusion-fullwidth fullwidth-box fusion-builder-row-4 fusion-flex-container nonhundred-percent-fullwidth non-hundred-percent-height-scrolling\" style=\"--awb-border-radius-top-left:0px;--awb-border-radius-top-right:0px;--awb-border-radius-bottom-right:0px;--awb-border-radius-bottom-left:0px;--awb-padding-top:39px;--awb-margin-top:0px;--awb-flex-wrap:wrap;\" ><div class=\"fusion-builder-row fusion-row fusion-flex-align-items-flex-start fusion-flex-content-wrap\" style=\"max-width:1372.8px;margin-left: calc(-4% \/ 2 );margin-right: calc(-4% \/ 2 );\"><div class=\"fusion-layout-column fusion_builder_column fusion-builder-column-6 fusion_builder_column_1_1 1_1 fusion-flex-column\" style=\"--awb-bg-size:cover;--awb-width-large:100%;--awb-margin-top-large:20px;--awb-spacing-right-large:1.92%;--awb-margin-bottom-large:20px;--awb-spacing-left-large:1.92%;--awb-width-medium:100%;--awb-order-medium:0;--awb-spacing-right-medium:1.92%;--awb-spacing-left-medium:1.92%;--awb-width-small:100%;--awb-order-small:0;--awb-spacing-right-small:1.92%;--awb-spacing-left-small:1.92%;\"><div class=\"fusion-column-wrapper fusion-column-has-shadow fusion-flex-justify-content-flex-start fusion-content-layout-column\"><div class=\"fusion-text fusion-text-2\"><p style=\"text-align: center;\"><u><a href=\"http:\/\/srtrier.de\/?page_id=3025\">M\u00f6chtest du auch bei uns mitmachen?<\/a><\/u><\/p>\n<\/div><\/div><\/div><\/div><\/div><\/p>\n","protected":false},"excerpt":{"rendered":"","protected":false},"author":1,"featured_media":0,"parent":0,"menu_order":0,"comment_status":"open","ping_status":"closed","template":"","meta":{"_bbp_topic_count":0,"_bbp_reply_count":0,"_bbp_total_topic_count":0,"_bbp_total_reply_count":0,"_bbp_voice_count":0,"_bbp_anonymous_reply_count":0,"_bbp_topic_count_hidden":0,"_bbp_reply_count_hidden":0,"_bbp_forum_subforum_count":0,"footnotes":""},"class_list":["post-5325","page","type-page","status-publish","hentry"],"yoast_head":"<!-- This site is optimized with the Yoast SEO plugin v27.0 - https:\/\/yoast.com\/product\/yoast-seo-wordpress\/ -->\n<title>Kontakt - Studentische Rechtsberatung Trier<\/title>\n<meta name=\"robots\" content=\"noindex, follow\" \/>\n<meta property=\"og:locale\" content=\"de_DE\" \/>\n<meta property=\"og:type\" content=\"article\" \/>\n<meta property=\"og:title\" content=\"Kontakt - Studentische Rechtsberatung Trier\" \/>\n<meta property=\"og:url\" content=\"https:\/\/srtrier.de\/?page_id=5325\" \/>\n<meta property=\"og:site_name\" content=\"Studentische Rechtsberatung Trier\" \/>\n<meta property=\"article:modified_time\" content=\"2026-04-28T17:09:42+00:00\" \/>\n<meta name=\"twitter:card\" content=\"summary_large_image\" \/>\n<meta name=\"twitter:label1\" content=\"Gesch\u00e4tzte Lesezeit\" \/>\n\t<meta name=\"twitter:data1\" content=\"1\u00a0Minute\" \/>\n<script type=\"application\/ld+json\" class=\"yoast-schema-graph\">{\"@context\":\"https:\/\/schema.org\",\"@graph\":[{\"@type\":\"WebPage\",\"@id\":\"https:\/\/srtrier.de\/?page_id=5325\",\"url\":\"https:\/\/srtrier.de\/?page_id=5325\",\"name\":\"Kontakt - Studentische Rechtsberatung Trier\",\"isPartOf\":{\"@id\":\"https:\/\/srtrier.de\/#website\"},\"datePublished\":\"2024-09-25T08:59:26+00:00\",\"dateModified\":\"2026-04-28T17:09:42+00:00\",\"breadcrumb\":{\"@id\":\"https:\/\/srtrier.de\/?page_id=5325#breadcrumb\"},\"inLanguage\":\"de\",\"potentialAction\":[{\"@type\":\"ReadAction\",\"target\":[\"https:\/\/srtrier.de\/?page_id=5325\"]}]},{\"@type\":\"BreadcrumbList\",\"@id\":\"https:\/\/srtrier.de\/?page_id=5325#breadcrumb\",\"itemListElement\":[{\"@type\":\"ListItem\",\"position\":1,\"name\":\"Startseite\",\"item\":\"https:\/\/srtrier.de\/\"},{\"@type\":\"ListItem\",\"position\":2,\"name\":\"Kontakt\"}]},{\"@type\":\"WebSite\",\"@id\":\"https:\/\/srtrier.de\/#website\",\"url\":\"https:\/\/srtrier.de\/\",\"name\":\"Studentische Rechtsberatung Trier\",\"description\":\"\",\"publisher\":{\"@id\":\"https:\/\/srtrier.de\/#organization\"},\"potentialAction\":[{\"@type\":\"SearchAction\",\"target\":{\"@type\":\"EntryPoint\",\"urlTemplate\":\"https:\/\/srtrier.de\/?s={search_term_string}\"},\"query-input\":{\"@type\":\"PropertyValueSpecification\",\"valueRequired\":true,\"valueName\":\"search_term_string\"}}],\"inLanguage\":\"de\"},{\"@type\":\"Organization\",\"@id\":\"https:\/\/srtrier.de\/#organization\",\"name\":\"Studentische Rechtsberatung Trier\",\"url\":\"https:\/\/srtrier.de\/\",\"logo\":{\"@type\":\"ImageObject\",\"inLanguage\":\"de\",\"@id\":\"https:\/\/srtrier.de\/#\/schema\/logo\/image\/\",\"url\":\"https:\/\/srtrier.de\/wp-content\/uploads\/2022\/07\/Logo_Mittelgross-2.png\",\"contentUrl\":\"https:\/\/srtrier.de\/wp-content\/uploads\/2022\/07\/Logo_Mittelgross-2.png\",\"width\":600,\"height\":340,\"caption\":\"Studentische Rechtsberatung Trier\"},\"image\":{\"@id\":\"https:\/\/srtrier.de\/#\/schema\/logo\/image\/\"},\"sameAs\":[\"https:\/\/www.instagram.com\/srtrier\/\"]}]}<\/script>\n<!-- \/ Yoast SEO plugin. -->","yoast_head_json":{"title":"Kontakt - Studentische Rechtsberatung Trier","robots":{"index":"noindex","follow":"follow"},"og_locale":"de_DE","og_type":"article","og_title":"Kontakt - Studentische Rechtsberatung Trier","og_url":"https:\/\/srtrier.de\/?page_id=5325","og_site_name":"Studentische Rechtsberatung Trier","article_modified_time":"2026-04-28T17:09:42+00:00","twitter_card":"summary_large_image","twitter_misc":{"Gesch\u00e4tzte Lesezeit":"1\u00a0Minute"},"schema":{"@context":"https:\/\/schema.org","@graph":[{"@type":"WebPage","@id":"https:\/\/srtrier.de\/?page_id=5325","url":"https:\/\/srtrier.de\/?page_id=5325","name":"Kontakt - Studentische Rechtsberatung Trier","isPartOf":{"@id":"https:\/\/srtrier.de\/#website"},"datePublished":"2024-09-25T08:59:26+00:00","dateModified":"2026-04-28T17:09:42+00:00","breadcrumb":{"@id":"https:\/\/srtrier.de\/?page_id=5325#breadcrumb"},"inLanguage":"de","potentialAction":[{"@type":"ReadAction","target":["https:\/\/srtrier.de\/?page_id=5325"]}]},{"@type":"BreadcrumbList","@id":"https:\/\/srtrier.de\/?page_id=5325#breadcrumb","itemListElement":[{"@type":"ListItem","position":1,"name":"Startseite","item":"https:\/\/srtrier.de\/"},{"@type":"ListItem","position":2,"name":"Kontakt"}]},{"@type":"WebSite","@id":"https:\/\/srtrier.de\/#website","url":"https:\/\/srtrier.de\/","name":"Studentische Rechtsberatung Trier","description":"","publisher":{"@id":"https:\/\/srtrier.de\/#organization"},"potentialAction":[{"@type":"SearchAction","target":{"@type":"EntryPoint","urlTemplate":"https:\/\/srtrier.de\/?s={search_term_string}"},"query-input":{"@type":"PropertyValueSpecification","valueRequired":true,"valueName":"search_term_string"}}],"inLanguage":"de"},{"@type":"Organization","@id":"https:\/\/srtrier.de\/#organization","name":"Studentische Rechtsberatung Trier","url":"https:\/\/srtrier.de\/","logo":{"@type":"ImageObject","inLanguage":"de","@id":"https:\/\/srtrier.de\/#\/schema\/logo\/image\/","url":"https:\/\/srtrier.de\/wp-content\/uploads\/2022\/07\/Logo_Mittelgross-2.png","contentUrl":"https:\/\/srtrier.de\/wp-content\/uploads\/2022\/07\/Logo_Mittelgross-2.png","width":600,"height":340,"caption":"Studentische Rechtsberatung Trier"},"image":{"@id":"https:\/\/srtrier.de\/#\/schema\/logo\/image\/"},"sameAs":["https:\/\/www.instagram.com\/srtrier\/"]}]}},"_links":{"self":[{"href":"https:\/\/srtrier.de\/index.php?rest_route=\/wp\/v2\/pages\/5325","targetHints":{"allow":["GET"]}}],"collection":[{"href":"https:\/\/srtrier.de\/index.php?rest_route=\/wp\/v2\/pages"}],"about":[{"href":"https:\/\/srtrier.de\/index.php?rest_route=\/wp\/v2\/types\/page"}],"author":[{"embeddable":true,"href":"https:\/\/srtrier.de\/index.php?rest_route=\/wp\/v2\/users\/1"}],"replies":[{"embeddable":true,"href":"https:\/\/srtrier.de\/index.php?rest_route=%2Fwp%2Fv2%2Fcomments&post=5325"}],"version-history":[{"count":13,"href":"https:\/\/srtrier.de\/index.php?rest_route=\/wp\/v2\/pages\/5325\/revisions"}],"predecessor-version":[{"id":5554,"href":"https:\/\/srtrier.de\/index.php?rest_route=\/wp\/v2\/pages\/5325\/revisions\/5554"}],"wp:attachment":[{"href":"https:\/\/srtrier.de\/index.php?rest_route=%2Fwp%2Fv2%2Fmedia&parent=5325"}],"curies":[{"name":"wp","href":"https:\/\/api.w.org\/{rel}","templated":true}]}}